{"id":83,"date":"2019-01-17T01:13:39","date_gmt":"2019-01-16T23:13:39","guid":{"rendered":"https:\/\/bmkonline403199011.wordpress.com\/?page_id=83"},"modified":"2025-06-27T13:07:55","modified_gmt":"2025-06-27T12:07:55","slug":"home","status":"publish","type":"page","link":"https:\/\/www.bmk-online.ch\/wp\/","title":{"rendered":"Home"},"content":{"rendered":"\n<p>Die Basler Muslim Kommission heisst Sie herzlich Willkommen. Es freut uns Sie \u00fcber unsere Aktivit\u00e4ten informieren zu d\u00fcrfen. <\/p>\n\n\n\n<p>Bei Fragen im Zusammenhang mit dem Islam und den Muslimen in den Kantonen beider Basel stehen wir Ihnen gerne als Ansprechpartner zur Verf\u00fcgung.<\/p>\n","protected":false},"excerpt":{"rendered":"<p>Die Basler Muslim Kommission heisst Sie herzlich Willkommen. Es freut uns Sie \u00fcber unsere Aktivit\u00e4ten informieren zu d\u00fcrfen. Bei Fragen im Zusammenhang mit dem Islam und den Muslimen in den &hellip; <a href=\"https:\/\/www.bmk-online.ch\/wp\/\" class=\"more-link\"><span class=\"screen-reader-text\">\u201eHome\u201c <\/span>weiterlesen<\/a><\/p>\n","protected":false},"author":1,"featured_media":0,"parent":0,"menu_order":0,"comment_status":"closed","ping_status":"closed","template":"","meta":{"_EventAllDay":false,"_EventTimezone":"","_EventStartDate":"","_EventEndDate":"","_EventStartDateUTC":"","_EventEndDateUTC":"","_EventShowMap":false,"_EventShowMapLink":false,"_EventURL":"","_EventCost":"","_EventCostDescription":"","_EventCurrencySymbol":"","_EventCurrencyCode":"","_EventCurrencyPosition":"","_EventDateTimeSeparator":"","_EventTimeRangeSeparator":"","_EventOrganizerID":[],"_EventVenueID":[],"_OrganizerEmail":"","_OrganizerPhone":"","_OrganizerWebsite":"","_VenueAddress":"","_VenueCity":"","_VenueCountry":"","_VenueProvince":"","_VenueState":"","_VenueZip":"","_VenuePhone":"","_VenueURL":"","_VenueStateProvince":"","_VenueLat":"","_VenueLng":"","_VenueShowMap":false,"_VenueShowMapLink":false,"footnotes":""},"class_list":["post-83","page","type-page","status-publish","hentry"],"_links":{"self":[{"href":"https:\/\/www.bmk-online.ch\/wp\/wp-json\/wp\/v2\/pages\/83","targetHints":{"allow":["GET"]}}],"collection":[{"href":"https:\/\/www.bmk-online.ch\/wp\/wp-json\/wp\/v2\/pages"}],"about":[{"href":"https:\/\/www.bmk-online.ch\/wp\/wp-json\/wp\/v2\/types\/page"}],"author":[{"embeddable":true,"href":"https:\/\/www.bmk-online.ch\/wp\/wp-json\/wp\/v2\/users\/1"}],"replies":[{"embeddable":true,"href":"https:\/\/www.bmk-online.ch\/wp\/wp-json\/wp\/v2\/comments?post=83"}],"version-history":[{"count":9,"href":"https:\/\/www.bmk-online.ch\/wp\/wp-json\/wp\/v2\/pages\/83\/revisions"}],"predecessor-version":[{"id":1608,"href":"https:\/\/www.bmk-online.ch\/wp\/wp-json\/wp\/v2\/pages\/83\/revisions\/1608"}],"wp:attachment":[{"href":"https:\/\/www.bmk-online.ch\/wp\/wp-json\/wp\/v2\/media?parent=83"}],"curies":[{"name":"wp","href":"https:\/\/api.w.org\/{rel}","templated":true}]}}